{"id":13,"date":"2018-02-26T12:52:25","date_gmt":"2018-02-26T11:52:25","guid":{"rendered":"http:\/\/evg-evjf.be\/mariagelaique\/?page_id=13"},"modified":"2019-12-06T18:03:47","modified_gmt":"2019-12-06T17:03:47","slug":"bapteme-et-autres","status":"publish","type":"page","link":"https:\/\/vosbellesceremonies.be\/index.php\/bapteme-et-autres\/","title":{"rendered":"Bapt\u00eame &#038; autres"},"content":{"rendered":"\t\t<div data-elementor-type=\"wp-post\" data-elementor-id=\"13\" class=\"elementor elementor-13\">\n\t\t\t\t\t\t<div class=\"elementor-inner\">\n\t\t\t\t<div class=\"elementor-section-wrap\">\n\t\t\t\t\t\t\t\t\t<section class=\"elementor-section elementor-top-section elementor-element elementor-element-324fffa4 elementor-section-boxed elementor-section-height-default elementor-section-height-default\" data-id=\"324fffa4\" data-element_type=\"section\">\n\t\t\t\t\t\t<div class=\"elementor-container elementor-column-gap-default\">\n\t\t\t\t\t\t\t<div class=\"elementor-row\">\n\t\t\t\t\t<div class=\"elementor-column elementor-col-100 elementor-top-column elementor-element elementor-element-16f67c9\" data-id=\"16f67c9\" data-element_type=\"column\">\n\t\t\t<div class=\"elementor-column-wrap elementor-element-populated\">\n\t\t\t\t\t\t\t<div class=\"elementor-widget-wrap\">\n\t\t\t\t\t\t<div class=\"elementor-element elementor-element-789706e elementor-widget elementor-widget-heading\" data-id=\"789706e\" data-element_type=\"widget\" data-widget_type=\"heading.default\">\n\t\t\t\t<div class=\"elementor-widget-container\">\n\t\t\t<h2 class=\"elementor-heading-title elementor-size-default\">Bapt\u00eame<\/h2>\t\t<\/div>\n\t\t\t\t<\/div>\n\t\t\t\t\t\t<\/div>\n\t\t\t\t\t<\/div>\n\t\t<\/div>\n\t\t\t\t\t\t\t\t<\/div>\n\t\t\t\t\t<\/div>\n\t\t<\/section>\n\t\t\t\t<section class=\"elementor-section elementor-top-section elementor-element elementor-element-8bd63f4 elementor-section-boxed elementor-section-height-default elementor-section-height-default\" data-id=\"8bd63f4\" data-element_type=\"section\">\n\t\t\t\t\t\t<div class=\"elementor-container elementor-column-gap-default\">\n\t\t\t\t\t\t\t<div class=\"elementor-row\">\n\t\t\t\t\t<div class=\"elementor-column elementor-col-50 elementor-top-column elementor-element elementor-element-729f18f\" data-id=\"729f18f\" data-element_type=\"column\">\n\t\t\t<div class=\"elementor-column-wrap elementor-element-populated\">\n\t\t\t\t\t\t\t<div class=\"elementor-widget-wrap\">\n\t\t\t\t\t\t<div class=\"elementor-element elementor-element-40f3f01 elementor-widget elementor-widget-image\" data-id=\"40f3f01\" data-element_type=\"widget\" data-widget_type=\"image.default\">\n\t\t\t\t<div class=\"elementor-widget-container\">\n\t\t\t\t\t\t\t\t<div class=\"elementor-image\">\n\t\t\t\t\t\t\t\t\t\t\t\t<img decoding=\"async\" width=\"768\" height=\"1152\" src=\"https:\/\/vosbellesceremonies.be\/wp-content\/uploads\/2019\/11\/girl-833138_1920-768x1152.jpg\" class=\"attachment-medium_large size-medium_large wp-image-288\" alt=\"Enfant bapt\u00eame\" loading=\"lazy\" srcset=\"https:\/\/vosbellesceremonies.be\/wp-content\/uploads\/2019\/11\/girl-833138_1920-768x1152.jpg 768w, https:\/\/vosbellesceremonies.be\/wp-content\/uploads\/2019\/11\/girl-833138_1920-200x300.jpg 200w, https:\/\/vosbellesceremonies.be\/wp-content\/uploads\/2019\/11\/girl-833138_1920-683x1024.jpg 683w, https:\/\/vosbellesceremonies.be\/wp-content\/uploads\/2019\/11\/girl-833138_1920.jpg 1280w\" sizes=\"(max-width: 768px) 100vw, 768px\" \/>\t\t\t\t\t\t\t\t\t\t\t\t\t\t<\/div>\n\t\t\t\t\t\t<\/div>\n\t\t\t\t<\/div>\n\t\t\t\t\t\t<\/div>\n\t\t\t\t\t<\/div>\n\t\t<\/div>\n\t\t\t\t<div class=\"elementor-column elementor-col-50 elementor-top-column elementor-element elementor-element-7ac5d19\" data-id=\"7ac5d19\" data-element_type=\"column\">\n\t\t\t<div class=\"elementor-column-wrap elementor-element-populated\">\n\t\t\t\t\t\t\t<div class=\"elementor-widget-wrap\">\n\t\t\t\t\t\t<div class=\"elementor-element elementor-element-1e8b1ef elementor-widget elementor-widget-text-editor\" data-id=\"1e8b1ef\" data-element_type=\"widget\" data-widget_type=\"text-editor.default\">\n\t\t\t\t<div class=\"elementor-widget-container\">\n\t\t\t\t\t\t\t\t<div class=\"elementor-text-editor elementor-clearfix\">\n\t\t\t\t<p>La c\u00e9r\u00e9monie de bapt\u00eame la\u00efque est une c\u00e9l\u00e9bration symbolique pour c\u00e9l\u00e9brer l&rsquo;arriv\u00e9e de votre enfant dans votre famille. En tant que parents, c&rsquo;est le moment d&rsquo;exprimer vos valeurs et vos engagements pour votre enfant. Le bapt\u00eame la\u00efque permet \u00e9galement d&rsquo;officialiser le r\u00f4le des Parrain et Marraine.<\/p><p>Le c\u00e9r\u00e9monie de bapt\u00eame la\u00efque doit vous ressembler et refl\u00e9ter le sens que vous voulez donner \u00e0 cette c\u00e9l\u00e9bration. On y retrouve g\u00e9n\u00e9ralement un discours des parents, un engagement des Parrain et Marraine, un rituel de bienvenue et la signature d&rsquo;un certificat de parrainage.<\/p><p>Tout est personnalisable, nous cr\u00e9ons cette c\u00e9r\u00e9monie en fonction de vos souhaits.<\/p>\t\t\t\t\t<\/div>\n\t\t\t\t\t\t<\/div>\n\t\t\t\t<\/div>\n\t\t\t\t<div class=\"elementor-element elementor-element-f23f783 elementor-widget elementor-widget-button\" data-id=\"f23f783\" data-element_type=\"widget\" data-widget_type=\"button.default\">\n\t\t\t\t<div class=\"elementor-widget-container\">\n\t\t\t\t\t<div class=\"elementor-button-wrapper\">\n\t\t\t<a href=\"https:\/\/vosbellesceremonies.be\/index.php\/en-pratique\/\" class=\"elementor-button-link elementor-button elementor-size-sm elementor-animation-shrink\" role=\"button\">\n\t\t\t\t\t\t<span class=\"elementor-button-content-wrapper\">\n\t\t\t\t\t\t<span class=\"elementor-button-text\">Les formules<\/span>\n\t\t<\/span>\n\t\t\t\t\t<\/a>\n\t\t<\/div>\n\t\t\t\t<\/div>\n\t\t\t\t<\/div>\n\t\t\t\t<div class=\"elementor-element elementor-element-3fdbf32 elementor-align-right elementor-widget elementor-widget-button\" data-id=\"3fdbf32\" data-element_type=\"widget\" data-widget_type=\"button.default\">\n\t\t\t\t<div class=\"elementor-widget-container\">\n\t\t\t\t\t<div class=\"elementor-button-wrapper\">\n\t\t\t<a href=\"https:\/\/vosbellesceremonies.be\/index.php\/contact\/\" class=\"elementor-button-link elementor-button elementor-size-sm elementor-animation-shrink\" role=\"button\">\n\t\t\t\t\t\t<span class=\"elementor-button-content-wrapper\">\n\t\t\t\t\t\t<span class=\"elementor-button-text\">Contact<\/span>\n\t\t<\/span>\n\t\t\t\t\t<\/a>\n\t\t<\/div>\n\t\t\t\t<\/div>\n\t\t\t\t<\/div>\n\t\t\t\t\t\t<\/div>\n\t\t\t\t\t<\/div>\n\t\t<\/div>\n\t\t\t\t\t\t\t\t<\/div>\n\t\t\t\t\t<\/div>\n\t\t<\/section>\n\t\t\t\t<section class=\"elementor-section elementor-top-section elementor-element elementor-element-ff8c5ac elementor-section-boxed elementor-section-height-default elementor-section-height-default\" data-id=\"ff8c5ac\" data-element_type=\"section\">\n\t\t\t\t\t\t<div class=\"elementor-container elementor-column-gap-default\">\n\t\t\t\t\t\t\t<div class=\"elementor-row\">\n\t\t\t\t\t<div class=\"elementor-column elementor-col-100 elementor-top-column elementor-element elementor-element-1db4012\" data-id=\"1db4012\" data-element_type=\"column\">\n\t\t\t<div class=\"elementor-column-wrap elementor-element-populated\">\n\t\t\t\t\t\t\t<div class=\"elementor-widget-wrap\">\n\t\t\t\t\t\t<div class=\"elementor-element elementor-element-546dc19 elementor-widget elementor-widget-spacer\" data-id=\"546dc19\" data-element_type=\"widget\" data-widget_type=\"spacer.default\">\n\t\t\t\t<div class=\"elementor-widget-container\">\n\t\t\t\t\t<div class=\"elementor-spacer\">\n\t\t\t<div class=\"elementor-spacer-inner\"><\/div>\n\t\t<\/div>\n\t\t\t\t<\/div>\n\t\t\t\t<\/div>\n\t\t\t\t\t\t<\/div>\n\t\t\t\t\t<\/div>\n\t\t<\/div>\n\t\t\t\t\t\t\t\t<\/div>\n\t\t\t\t\t<\/div>\n\t\t<\/section>\n\t\t\t\t<section class=\"elementor-section elementor-top-section elementor-element elementor-element-b5abecf elementor-section-boxed elementor-section-height-default elementor-section-height-default\" data-id=\"b5abecf\" data-element_type=\"section\">\n\t\t\t\t\t\t<div class=\"elementor-container elementor-column-gap-default\">\n\t\t\t\t\t\t\t<div class=\"elementor-row\">\n\t\t\t\t\t<div class=\"elementor-column elementor-col-100 elementor-top-column elementor-element elementor-element-84bbb03\" data-id=\"84bbb03\" data-element_type=\"column\">\n\t\t\t<div class=\"elementor-column-wrap elementor-element-populated\">\n\t\t\t\t\t\t\t<div class=\"elementor-widget-wrap\">\n\t\t\t\t\t\t<div class=\"elementor-element elementor-element-129b879 elementor-widget elementor-widget-heading\" data-id=\"129b879\" data-element_type=\"widget\" data-widget_type=\"heading.default\">\n\t\t\t\t<div class=\"elementor-widget-container\">\n\t\t\t<h2 class=\"elementor-heading-title elementor-size-default\">Autres c\u00e9r\u00e9monies<\/h2>\t\t<\/div>\n\t\t\t\t<\/div>\n\t\t\t\t\t\t<\/div>\n\t\t\t\t\t<\/div>\n\t\t<\/div>\n\t\t\t\t\t\t\t\t<\/div>\n\t\t\t\t\t<\/div>\n\t\t<\/section>\n\t\t\t\t<section class=\"elementor-section elementor-top-section elementor-element elementor-element-65b5516 elementor-section-boxed elementor-section-height-default elementor-section-height-default\" data-id=\"65b5516\" data-element_type=\"section\">\n\t\t\t\t\t\t<div class=\"elementor-container elementor-column-gap-default\">\n\t\t\t\t\t\t\t<div class=\"elementor-row\">\n\t\t\t\t\t<div class=\"elementor-column elementor-col-100 elementor-top-column elementor-element elementor-element-c6f159b\" data-id=\"c6f159b\" data-element_type=\"column\">\n\t\t\t<div class=\"elementor-column-wrap elementor-element-populated\">\n\t\t\t\t\t\t\t<div class=\"elementor-widget-wrap\">\n\t\t\t\t\t\t<div class=\"elementor-element elementor-element-7ce4dc2 elementor-widget elementor-widget-text-editor\" data-id=\"7ce4dc2\" data-element_type=\"widget\" data-widget_type=\"text-editor.default\">\n\t\t\t\t<div class=\"elementor-widget-container\">\n\t\t\t\t\t\t\t\t<div class=\"elementor-text-editor elementor-clearfix\">\n\t\t\t\t<p>Renouvellement de voeux, f\u00eate de passage, etc.<\/p><p>N&rsquo;h\u00e9sitez pas \u00e0 me contacter pour toute autre demande de c\u00e9r\u00e9monie.<\/p>\t\t\t\t\t<\/div>\n\t\t\t\t\t\t<\/div>\n\t\t\t\t<\/div>\n\t\t\t\t\t\t<\/div>\n\t\t\t\t\t<\/div>\n\t\t<\/div>\n\t\t\t\t\t\t\t\t<\/div>\n\t\t\t\t\t<\/div>\n\t\t<\/section>\n\t\t\t\t\t\t\t\t\t<\/div>\n\t\t\t<\/div>\n\t\t\t\t\t<\/div>\n\t\t","protected":false},"excerpt":{"rendered":"<p>Bapt\u00eame La c\u00e9r\u00e9monie de bapt\u00eame la\u00efque est une c\u00e9l\u00e9bration symbolique pour c\u00e9l\u00e9brer l&rsquo;arriv\u00e9e de votre enfant dans votre famille. En tant que parents, c&rsquo;est le moment d&rsquo;exprimer vos valeurs et vos engagements pour votre enfant. Le bapt\u00eame la\u00efque permet \u00e9galement d&rsquo;officialiser le r\u00f4le des Parrain et Marraine. Le c\u00e9r\u00e9monie de bapt\u00eame la\u00efque doit vous ressembler et refl\u00e9ter le sens que vous voulez donner \u00e0 cette c\u00e9l\u00e9bration. On y retrouve g\u00e9n\u00e9ralement un discours des parents, un engagement des Parrain et Marraine, un rituel de bienvenue et la signature d&rsquo;un certificat de parrainage. Tout est personnalisable, nous cr\u00e9ons cette c\u00e9r\u00e9monie en fonction de vos souhaits. Les formules Contact Autres c\u00e9r\u00e9monies Renouvellement de voeux, f\u00eate de passage, etc. N&rsquo;h\u00e9sitez pas \u00e0 me contacter pour toute autre demande de c\u00e9r\u00e9monie.<\/p>\n","protected":false},"author":3,"featured_media":0,"parent":0,"menu_order":0,"comment_status":"closed","ping_status":"closed","template":"","meta":{"_mi_skip_tracking":false},"yoast_head":"<!-- This site is optimized with the Yoast SEO plugin v20.4 - https:\/\/yoast.com\/wordpress\/plugins\/seo\/ -->\n<title>Bapt\u00eame &amp; autres - Vos belles c\u00e9r\u00e9monies<\/title>\n<meta name=\"description\" content=\"Officiante de c\u00e9r\u00e9monie la\u00efque pour bapt\u00eame la\u00efque, renouvellement de voeux, f\u00eate de passage etc. Cr\u00e9ation d&#039;une c\u00e9r\u00e9monie unique sur base de vos valeurs et vos envies.\" \/>\n<meta name=\"robots\" content=\"index, follow, max-snippet:-1, max-image-preview:large, max-video-preview:-1\" \/>\n<link rel=\"canonical\" href=\"https:\/\/vosbellesceremonies.be\/index.php\/bapteme-et-autres\/\" \/>\n<meta property=\"og:locale\" content=\"fr_FR\" \/>\n<meta property=\"og:type\" content=\"article\" \/>\n<meta property=\"og:title\" content=\"Bapt\u00eame &amp; autres - Vos belles c\u00e9r\u00e9monies\" \/>\n<meta property=\"og:description\" content=\"Officiante de c\u00e9r\u00e9monie la\u00efque pour bapt\u00eame la\u00efque, renouvellement de voeux, f\u00eate de passage etc. Cr\u00e9ation d&#039;une c\u00e9r\u00e9monie unique sur base de vos valeurs et vos envies.\" \/>\n<meta property=\"og:url\" content=\"https:\/\/vosbellesceremonies.be\/index.php\/bapteme-et-autres\/\" \/>\n<meta property=\"og:site_name\" content=\"Vos belles c\u00e9r\u00e9monies\" \/>\n<meta property=\"article:modified_time\" content=\"2019-12-06T17:03:47+00:00\" \/>\n<meta property=\"og:image\" content=\"https:\/\/vosbellesceremonies.be\/wp-content\/uploads\/2019\/11\/girl-833138_1920-768x1152.jpg\" \/>\n<meta name=\"twitter:card\" content=\"summary_large_image\" \/>\n<meta name=\"twitter:label1\" content=\"Dur\u00e9e de lecture estim\u00e9e\" \/>\n\t<meta name=\"twitter:data1\" content=\"1 minute\" \/>\n<script type=\"application\/ld+json\" class=\"yoast-schema-graph\">{\"@context\":\"https:\/\/schema.org\",\"@graph\":[{\"@type\":\"WebPage\",\"@id\":\"https:\/\/vosbellesceremonies.be\/index.php\/bapteme-et-autres\/\",\"url\":\"https:\/\/vosbellesceremonies.be\/index.php\/bapteme-et-autres\/\",\"name\":\"Bapt\u00eame & autres - Vos belles c\u00e9r\u00e9monies\",\"isPartOf\":{\"@id\":\"https:\/\/vosbellesceremonies.be\/#website\"},\"datePublished\":\"2018-02-26T11:52:25+00:00\",\"dateModified\":\"2019-12-06T17:03:47+00:00\",\"description\":\"Officiante de c\u00e9r\u00e9monie la\u00efque pour bapt\u00eame la\u00efque, renouvellement de voeux, f\u00eate de passage etc. Cr\u00e9ation d'une c\u00e9r\u00e9monie unique sur base de vos valeurs et vos envies.\",\"breadcrumb\":{\"@id\":\"https:\/\/vosbellesceremonies.be\/index.php\/bapteme-et-autres\/#breadcrumb\"},\"inLanguage\":\"fr-FR\",\"potentialAction\":[{\"@type\":\"ReadAction\",\"target\":[\"https:\/\/vosbellesceremonies.be\/index.php\/bapteme-et-autres\/\"]}]},{\"@type\":\"BreadcrumbList\",\"@id\":\"https:\/\/vosbellesceremonies.be\/index.php\/bapteme-et-autres\/#breadcrumb\",\"itemListElement\":[{\"@type\":\"ListItem\",\"position\":1,\"name\":\"Accueil\",\"item\":\"https:\/\/vosbellesceremonies.be\/\"},{\"@type\":\"ListItem\",\"position\":2,\"name\":\"Bapt\u00eame &#038; autres\"}]},{\"@type\":\"WebSite\",\"@id\":\"https:\/\/vosbellesceremonies.be\/#website\",\"url\":\"https:\/\/vosbellesceremonies.be\/\",\"name\":\"Vos belles c\u00e9r\u00e9monies\",\"description\":\"\",\"publisher\":{\"@id\":\"https:\/\/vosbellesceremonies.be\/#organization\"},\"potentialAction\":[{\"@type\":\"SearchAction\",\"target\":{\"@type\":\"EntryPoint\",\"urlTemplate\":\"https:\/\/vosbellesceremonies.be\/?s={search_term_string}\"},\"query-input\":\"required name=search_term_string\"}],\"inLanguage\":\"fr-FR\"},{\"@type\":\"Organization\",\"@id\":\"https:\/\/vosbellesceremonies.be\/#organization\",\"name\":\"Vos belles c\u00e9r\u00e9monies\",\"url\":\"https:\/\/vosbellesceremonies.be\/\",\"logo\":{\"@type\":\"ImageObject\",\"inLanguage\":\"fr-FR\",\"@id\":\"https:\/\/vosbellesceremonies.be\/#\/schema\/logo\/image\/\",\"url\":\"https:\/\/vosbellesceremonies.be\/wp-content\/uploads\/2019\/11\/cropped-logo-10.png\",\"contentUrl\":\"https:\/\/vosbellesceremonies.be\/wp-content\/uploads\/2019\/11\/cropped-logo-10.png\",\"width\":5407,\"height\":4621,\"caption\":\"Vos belles c\u00e9r\u00e9monies\"},\"image\":{\"@id\":\"https:\/\/vosbellesceremonies.be\/#\/schema\/logo\/image\/\"}}]}<\/script>\n<!-- \/ Yoast SEO plugin. -->","yoast_head_json":{"title":"Bapt\u00eame & autres - Vos belles c\u00e9r\u00e9monies","description":"Officiante de c\u00e9r\u00e9monie la\u00efque pour bapt\u00eame la\u00efque, renouvellement de voeux, f\u00eate de passage etc. Cr\u00e9ation d'une c\u00e9r\u00e9monie unique sur base de vos valeurs et vos envies.","robots":{"index":"index","follow":"follow","max-snippet":"max-snippet:-1","max-image-preview":"max-image-preview:large","max-video-preview":"max-video-preview:-1"},"canonical":"https:\/\/vosbellesceremonies.be\/index.php\/bapteme-et-autres\/","og_locale":"fr_FR","og_type":"article","og_title":"Bapt\u00eame & autres - Vos belles c\u00e9r\u00e9monies","og_description":"Officiante de c\u00e9r\u00e9monie la\u00efque pour bapt\u00eame la\u00efque, renouvellement de voeux, f\u00eate de passage etc. Cr\u00e9ation d'une c\u00e9r\u00e9monie unique sur base de vos valeurs et vos envies.","og_url":"https:\/\/vosbellesceremonies.be\/index.php\/bapteme-et-autres\/","og_site_name":"Vos belles c\u00e9r\u00e9monies","article_modified_time":"2019-12-06T17:03:47+00:00","og_image":[{"url":"https:\/\/vosbellesceremonies.be\/wp-content\/uploads\/2019\/11\/girl-833138_1920-768x1152.jpg"}],"twitter_card":"summary_large_image","twitter_misc":{"Dur\u00e9e de lecture estim\u00e9e":"1 minute"},"schema":{"@context":"https:\/\/schema.org","@graph":[{"@type":"WebPage","@id":"https:\/\/vosbellesceremonies.be\/index.php\/bapteme-et-autres\/","url":"https:\/\/vosbellesceremonies.be\/index.php\/bapteme-et-autres\/","name":"Bapt\u00eame & autres - Vos belles c\u00e9r\u00e9monies","isPartOf":{"@id":"https:\/\/vosbellesceremonies.be\/#website"},"datePublished":"2018-02-26T11:52:25+00:00","dateModified":"2019-12-06T17:03:47+00:00","description":"Officiante de c\u00e9r\u00e9monie la\u00efque pour bapt\u00eame la\u00efque, renouvellement de voeux, f\u00eate de passage etc. Cr\u00e9ation d'une c\u00e9r\u00e9monie unique sur base de vos valeurs et vos envies.","breadcrumb":{"@id":"https:\/\/vosbellesceremonies.be\/index.php\/bapteme-et-autres\/#breadcrumb"},"inLanguage":"fr-FR","potentialAction":[{"@type":"ReadAction","target":["https:\/\/vosbellesceremonies.be\/index.php\/bapteme-et-autres\/"]}]},{"@type":"BreadcrumbList","@id":"https:\/\/vosbellesceremonies.be\/index.php\/bapteme-et-autres\/#breadcrumb","itemListElement":[{"@type":"ListItem","position":1,"name":"Accueil","item":"https:\/\/vosbellesceremonies.be\/"},{"@type":"ListItem","position":2,"name":"Bapt\u00eame &#038; autres"}]},{"@type":"WebSite","@id":"https:\/\/vosbellesceremonies.be\/#website","url":"https:\/\/vosbellesceremonies.be\/","name":"Vos belles c\u00e9r\u00e9monies","description":"","publisher":{"@id":"https:\/\/vosbellesceremonies.be\/#organization"},"potentialAction":[{"@type":"SearchAction","target":{"@type":"EntryPoint","urlTemplate":"https:\/\/vosbellesceremonies.be\/?s={search_term_string}"},"query-input":"required name=search_term_string"}],"inLanguage":"fr-FR"},{"@type":"Organization","@id":"https:\/\/vosbellesceremonies.be\/#organization","name":"Vos belles c\u00e9r\u00e9monies","url":"https:\/\/vosbellesceremonies.be\/","logo":{"@type":"ImageObject","inLanguage":"fr-FR","@id":"https:\/\/vosbellesceremonies.be\/#\/schema\/logo\/image\/","url":"https:\/\/vosbellesceremonies.be\/wp-content\/uploads\/2019\/11\/cropped-logo-10.png","contentUrl":"https:\/\/vosbellesceremonies.be\/wp-content\/uploads\/2019\/11\/cropped-logo-10.png","width":5407,"height":4621,"caption":"Vos belles c\u00e9r\u00e9monies"},"image":{"@id":"https:\/\/vosbellesceremonies.be\/#\/schema\/logo\/image\/"}}]}},"_links":{"self":[{"href":"https:\/\/vosbellesceremonies.be\/index.php\/wp-json\/wp\/v2\/pages\/13"}],"collection":[{"href":"https:\/\/vosbellesceremonies.be\/index.php\/wp-json\/wp\/v2\/pages"}],"about":[{"href":"https:\/\/vosbellesceremonies.be\/index.php\/wp-json\/wp\/v2\/types\/page"}],"author":[{"embeddable":true,"href":"https:\/\/vosbellesceremonies.be\/index.php\/wp-json\/wp\/v2\/users\/3"}],"replies":[{"embeddable":true,"href":"https:\/\/vosbellesceremonies.be\/index.php\/wp-json\/wp\/v2\/comments?post=13"}],"version-history":[{"count":6,"href":"https:\/\/vosbellesceremonies.be\/index.php\/wp-json\/wp\/v2\/pages\/13\/revisions"}],"predecessor-version":[{"id":335,"href":"https:\/\/vosbellesceremonies.be\/index.php\/wp-json\/wp\/v2\/pages\/13\/revisions\/335"}],"wp:attachment":[{"href":"https:\/\/vosbellesceremonies.be\/index.php\/wp-json\/wp\/v2\/media?parent=13"}],"curies":[{"name":"wp","href":"https:\/\/api.w.org\/{rel}","templated":true}]}}