{"id":151,"date":"2018-02-20T01:41:16","date_gmt":"2018-02-20T00:41:16","guid":{"rendered":"http:\/\/evg-evjf.be\/mariagelaique\/?page_id=2"},"modified":"2021-09-21T18:48:59","modified_gmt":"2021-09-21T16:48:59","slug":"mariage-laique","status":"publish","type":"page","link":"https:\/\/vosbellesceremonies.be\/","title":{"rendered":"Bienvenue"},"content":{"rendered":"\t\t<div data-elementor-type=\"wp-post\" data-elementor-id=\"151\" class=\"elementor elementor-151\">\n\t\t\t\t\t\t<div class=\"elementor-inner\">\n\t\t\t\t<div class=\"elementor-section-wrap\">\n\t\t\t\t\t\t\t\t\t<section class=\"elementor-section elementor-top-section elementor-element elementor-element-12ac9d5b elementor-section-boxed elementor-section-height-default elementor-section-height-default\" data-id=\"12ac9d5b\" data-element_type=\"section\">\n\t\t\t\t\t\t<div class=\"elementor-container elementor-column-gap-default\">\n\t\t\t\t\t\t\t<div class=\"elementor-row\">\n\t\t\t\t\t<div class=\"elementor-column elementor-col-100 elementor-top-column elementor-element elementor-element-7c8cbccf\" data-id=\"7c8cbccf\" data-element_type=\"column\">\n\t\t\t<div class=\"elementor-column-wrap elementor-element-populated\">\n\t\t\t\t\t\t\t<div class=\"elementor-widget-wrap\">\n\t\t\t\t\t\t<div class=\"elementor-element elementor-element-336a8a13 elementor-widget elementor-widget-text-editor\" data-id=\"336a8a13\" data-element_type=\"widget\" data-widget_type=\"text-editor.default\">\n\t\t\t\t<div class=\"elementor-widget-container\">\n\t\t\t\t\t\t\t\t<div class=\"elementor-text-editor elementor-clearfix\">\n\t\t\t\t<p>Si vous \u00eates arriv\u00e9s ici, c&rsquo;est que vous \u00eates certainement \u00e0 la recherche d&rsquo;informations ou de conseils sur les c\u00e9r\u00e9monies la\u00efques. A travers ce site, j&rsquo;esp\u00e8re pouvoir vous \u00e9clairer sur la pr\u00e9paration de ce moment unique. N&rsquo;h\u00e9sitez pas \u00e0 me contacter pour discuter de votre c\u00e9r\u00e9monie !<\/p>\t\t\t\t\t<\/div>\n\t\t\t\t\t\t<\/div>\n\t\t\t\t<\/div>\n\t\t\t\t\t\t<\/div>\n\t\t\t\t\t<\/div>\n\t\t<\/div>\n\t\t\t\t\t\t\t\t<\/div>\n\t\t\t\t\t<\/div>\n\t\t<\/section>\n\t\t\t\t<section class=\"elementor-section elementor-top-section elementor-element elementor-element-06ca36e elementor-section-boxed elementor-section-height-default elementor-section-height-default\" data-id=\"06ca36e\" data-element_type=\"section\">\n\t\t\t\t\t\t<div class=\"elementor-container elementor-column-gap-default\">\n\t\t\t\t\t\t\t<div class=\"elementor-row\">\n\t\t\t\t\t<div class=\"elementor-column elementor-col-50 elementor-top-column elementor-element elementor-element-d4d479e\" data-id=\"d4d479e\" data-element_type=\"column\">\n\t\t\t<div class=\"elementor-column-wrap elementor-element-populated\">\n\t\t\t\t\t\t\t<div class=\"elementor-widget-wrap\">\n\t\t\t\t\t\t<div class=\"elementor-element elementor-element-2b92d03 elementor-widget elementor-widget-image\" data-id=\"2b92d03\" data-element_type=\"widget\" data-widget_type=\"image.default\">\n\t\t\t\t<div class=\"elementor-widget-container\">\n\t\t\t\t\t\t\t\t<div class=\"elementor-image\">\n\t\t\t\t\t\t\t\t\t\t\t\t<img decoding=\"async\" width=\"824\" height=\"1024\" src=\"https:\/\/vosbellesceremonies.be\/wp-content\/uploads\/2019\/11\/AUDREY_GILLES-177ret2-824x1024.jpg\" class=\"attachment-large size-large wp-image-225\" alt=\"Aurianne Degrave officiante la\u00efque\" loading=\"lazy\" srcset=\"https:\/\/vosbellesceremonies.be\/wp-content\/uploads\/2019\/11\/AUDREY_GILLES-177ret2-824x1024.jpg 824w, https:\/\/vosbellesceremonies.be\/wp-content\/uploads\/2019\/11\/AUDREY_GILLES-177ret2-241x300.jpg 241w, https:\/\/vosbellesceremonies.be\/wp-content\/uploads\/2019\/11\/AUDREY_GILLES-177ret2-768x954.jpg 768w, https:\/\/vosbellesceremonies.be\/wp-content\/uploads\/2019\/11\/AUDREY_GILLES-177ret2.jpg 1133w\" sizes=\"(max-width: 824px) 100vw, 824px\" \/>\t\t\t\t\t\t\t\t\t\t\t\t\t\t<\/div>\n\t\t\t\t\t\t<\/div>\n\t\t\t\t<\/div>\n\t\t\t\t\t\t<\/div>\n\t\t\t\t\t<\/div>\n\t\t<\/div>\n\t\t\t\t<div class=\"elementor-column elementor-col-50 elementor-top-column elementor-element elementor-element-e8f6f02\" data-id=\"e8f6f02\" data-element_type=\"column\">\n\t\t\t<div class=\"elementor-column-wrap elementor-element-populated\">\n\t\t\t\t\t\t\t<div class=\"elementor-widget-wrap\">\n\t\t\t\t\t\t<div class=\"elementor-element elementor-element-4d0e9bd elementor-widget elementor-widget-heading\" data-id=\"4d0e9bd\" data-element_type=\"widget\" data-widget_type=\"heading.default\">\n\t\t\t\t<div class=\"elementor-widget-container\">\n\t\t\t<h2 class=\"elementor-heading-title elementor-size-default\">Qui suis-je?<\/h2>\t\t<\/div>\n\t\t\t\t<\/div>\n\t\t\t\t<div class=\"elementor-element elementor-element-556f088 elementor-widget elementor-widget-text-editor\" data-id=\"556f088\" data-element_type=\"widget\" data-widget_type=\"text-editor.default\">\n\t\t\t\t<div class=\"elementor-widget-container\">\n\t\t\t\t\t\t\t\t<div class=\"elementor-text-editor elementor-clearfix\">\n\t\t\t\t<p>Je m&rsquo;appelle Aurianne et je suis officiante de c\u00e9r\u00e9monie la\u00efque bilingue fran\u00e7ais\/n\u00e9erlandais.<\/p><p>En tant qu&rsquo;officiante depuis maintenant plusieurs ann\u00e9es, je vous propose de vous accompagner dans les grandes \u00e9tapes de votre vie: mariage, bapt\u00eame, renouvellement de voeux, etc.<\/p><p>J&rsquo;ai commenc\u00e9 cette belle aventure en ayant eu l\u2019immense honneur d\u2019\u00eatre l\u2019officiante du mariage d&rsquo;une personne tr\u00e8s proche. Cette premi\u00e8re approche a \u00e9t\u00e9 pour moi une vraie r\u00e9v\u00e9lation.<\/p><section data-id=\"925d539\" data-element_type=\"section\"><p>Apr\u00e8s plusieurs ann\u00e9es \u00e0 chercher mon chemin en tant qu\u2019employ\u00e9e dans de grandes agences de communication, j\u2019avais l\u2019impression d\u2019avoir enfin trouv\u00e9 ma voie.<\/p><p>D\u00e9j\u00e0 petite j\u2019aimais monter sur les planches et prendre la parole. Apr\u00e8s des ann\u00e9es de formation th\u00e9\u00e2trale et des \u00e9tudes de communication. J\u2019ai fait mes armes dans de grandes entreprises, des agences de pubs et de communication. Les brainstormings et autres id\u00e9es farfelues ont d\u00e8s lors fait partie de mon quotidien.<\/p><p>Aujourd\u2019hui c\u2019est bien plus qu\u2019un m\u00e9tier que j\u2019exerce. C\u2019est avant tout une passion, mais \u00e9galement une joie de pouvoir mettre mes comp\u00e9tences au profit de moments si particuliers et si importants.<\/p><\/section><div id=\"ConnectiveDocSignExtentionInstalled\" data-extension-version=\"1.0.4\">\u00a0<\/div>\t\t\t\t\t<\/div>\n\t\t\t\t\t\t<\/div>\n\t\t\t\t<\/div>\n\t\t\t\t\t\t<\/div>\n\t\t\t\t\t<\/div>\n\t\t<\/div>\n\t\t\t\t\t\t\t\t<\/div>\n\t\t\t\t\t<\/div>\n\t\t<\/section>\n\t\t\t\t<section class=\"elementor-section elementor-top-section elementor-element elementor-element-8914ff6 elementor-section-boxed elementor-section-height-default elementor-section-height-default\" data-id=\"8914ff6\" data-element_type=\"section\">\n\t\t\t\t\t\t<div class=\"elementor-container elementor-column-gap-default\">\n\t\t\t\t\t\t\t<div class=\"elementor-row\">\n\t\t\t\t\t<div class=\"elementor-column elementor-col-50 elementor-top-column elementor-element elementor-element-4f48360\" data-id=\"4f48360\" data-element_type=\"column\">\n\t\t\t<div class=\"elementor-column-wrap elementor-element-populated\">\n\t\t\t\t\t\t\t<div class=\"elementor-widget-wrap\">\n\t\t\t\t\t\t<div class=\"elementor-element elementor-element-d374067 elementor-widget elementor-widget-heading\" data-id=\"d374067\" data-element_type=\"widget\" data-widget_type=\"heading.default\">\n\t\t\t\t<div class=\"elementor-widget-container\">\n\t\t\t<h2 class=\"elementor-heading-title elementor-size-default\">Une c\u00e9r\u00e9monie la\u00efque qu'est-ce-que c'est?<\/h2>\t\t<\/div>\n\t\t\t\t<\/div>\n\t\t\t\t<div class=\"elementor-element elementor-element-23e747b elementor-widget elementor-widget-text-editor\" data-id=\"23e747b\" data-element_type=\"widget\" data-widget_type=\"text-editor.default\">\n\t\t\t\t<div class=\"elementor-widget-container\">\n\t\t\t\t\t\t\t\t<div class=\"elementor-text-editor elementor-clearfix\">\n\t\t\t\t<div>Une c\u00e9l\u00e9bration la\u00efque c&rsquo;est un engagement dans votre couple, pour votre enfant,&#8230;<\/div>\n<div>C&rsquo;est un moment hautement symbolique et charg\u00e9 en \u00e9motions.<\/div>\n<div>La c\u00e9r\u00e9monie est toujours cr\u00e9\u00e9e en fonction de vos envies et de vos souhaits.<\/div>\n<div>La c\u00e9l\u00e9bration la\u00efque c&rsquo;est tout ce que VOUS d\u00e9sirez, elle n&rsquo;a du sens que si cette d\u00e9marche vous tient \u00e0 coeur. Il n&rsquo;y a aucune obligation, aucune contrainte, aucun canevas, on lui donne le sens que vous voulez lui donner.<\/div>\n<div id=\"ConnectiveDocSignExtentionInstalled\" data-extension-version=\"1.0.4\"><\/div>\t\t\t\t\t<\/div>\n\t\t\t\t\t\t<\/div>\n\t\t\t\t<\/div>\n\t\t\t\t\t\t<\/div>\n\t\t\t\t\t<\/div>\n\t\t<\/div>\n\t\t\t\t<div class=\"elementor-column elementor-col-50 elementor-top-column elementor-element elementor-element-a4b6db2\" data-id=\"a4b6db2\" data-element_type=\"column\">\n\t\t\t<div class=\"elementor-column-wrap elementor-element-populated\">\n\t\t\t\t\t\t\t<div class=\"elementor-widget-wrap\">\n\t\t\t\t\t\t<div class=\"elementor-element elementor-element-52ce648 elementor-widget elementor-widget-image\" data-id=\"52ce648\" data-element_type=\"widget\" data-widget_type=\"image.default\">\n\t\t\t\t<div class=\"elementor-widget-container\">\n\t\t\t\t\t\t\t\t<div class=\"elementor-image\">\n\t\t\t\t\t\t\t\t\t\t\t\t<img decoding=\"async\" width=\"300\" height=\"200\" src=\"https:\/\/vosbellesceremonies.be\/wp-content\/uploads\/2019\/11\/C\u00e9r\u00e9monie3-300x200.jpg\" class=\"attachment-medium size-medium wp-image-261\" alt=\"Mariage la\u00efque\" loading=\"lazy\" srcset=\"https:\/\/vosbellesceremonies.be\/wp-content\/uploads\/2019\/11\/C\u00e9r\u00e9monie3-300x200.jpg 300w, https:\/\/vosbellesceremonies.be\/wp-content\/uploads\/2019\/11\/C\u00e9r\u00e9monie3-768x512.jpg 768w, https:\/\/vosbellesceremonies.be\/wp-content\/uploads\/2019\/11\/C\u00e9r\u00e9monie3-1024x683.jpg 1024w, https:\/\/vosbellesceremonies.be\/wp-content\/uploads\/2019\/11\/C\u00e9r\u00e9monie3.jpg 1417w\" sizes=\"(max-width: 300px) 100vw, 300px\" \/>\t\t\t\t\t\t\t\t\t\t\t\t\t\t<\/div>\n\t\t\t\t\t\t<\/div>\n\t\t\t\t<\/div>\n\t\t\t\t\t\t<\/div>\n\t\t\t\t\t<\/div>\n\t\t<\/div>\n\t\t\t\t\t\t\t\t<\/div>\n\t\t\t\t\t<\/div>\n\t\t<\/section>\n\t\t\t\t<section class=\"elementor-section elementor-top-section elementor-element elementor-element-20d951c elementor-section-boxed elementor-section-height-default elementor-section-height-default\" data-id=\"20d951c\" data-element_type=\"section\">\n\t\t\t\t\t\t<div class=\"elementor-container elementor-column-gap-default\">\n\t\t\t\t\t\t\t<div class=\"elementor-row\">\n\t\t\t\t\t<div class=\"elementor-column elementor-col-100 elementor-top-column elementor-element elementor-element-61e5f07\" data-id=\"61e5f07\" data-element_type=\"column\">\n\t\t\t<div class=\"elementor-column-wrap elementor-element-populated\">\n\t\t\t\t\t\t\t<div class=\"elementor-widget-wrap\">\n\t\t\t\t\t\t<div class=\"elementor-element elementor-element-0472d09 elementor-widget elementor-widget-spacer\" data-id=\"0472d09\" data-element_type=\"widget\" data-widget_type=\"spacer.default\">\n\t\t\t\t<div class=\"elementor-widget-container\">\n\t\t\t\t\t<div class=\"elementor-spacer\">\n\t\t\t<div class=\"elementor-spacer-inner\"><\/div>\n\t\t<\/div>\n\t\t\t\t<\/div>\n\t\t\t\t<\/div>\n\t\t\t\t\t\t<\/div>\n\t\t\t\t\t<\/div>\n\t\t<\/div>\n\t\t\t\t\t\t\t\t<\/div>\n\t\t\t\t\t<\/div>\n\t\t<\/section>\n\t\t\t\t<section class=\"elementor-section elementor-top-section elementor-element elementor-element-009c74d elementor-section-boxed elementor-section-height-default elementor-section-height-default\" data-id=\"009c74d\" data-element_type=\"section\">\n\t\t\t\t\t\t<div class=\"elementor-container elementor-column-gap-default\">\n\t\t\t\t\t\t\t<div class=\"elementor-row\">\n\t\t\t\t\t<div class=\"elementor-column elementor-col-100 elementor-top-column elementor-element elementor-element-58ca118\" data-id=\"58ca118\" data-element_type=\"column\">\n\t\t\t<div class=\"elementor-column-wrap elementor-element-populated\">\n\t\t\t\t\t\t\t<div class=\"elementor-widget-wrap\">\n\t\t\t\t\t\t<div class=\"elementor-element elementor-element-e1919d6 elementor-widget elementor-widget-heading\" data-id=\"e1919d6\" data-element_type=\"widget\" data-widget_type=\"heading.default\">\n\t\t\t\t<div class=\"elementor-widget-container\">\n\t\t\t<h2 class=\"elementor-heading-title elementor-size-default\">T\u00e9moignages<\/h2>\t\t<\/div>\n\t\t\t\t<\/div>\n\t\t\t\t<div class=\"elementor-element elementor-element-720aa6c elementor-widget elementor-widget-text-editor\" data-id=\"720aa6c\" data-element_type=\"widget\" data-widget_type=\"text-editor.default\">\n\t\t\t\t<div class=\"elementor-widget-container\">\n\t\t\t\t\t\t\t\t<div class=\"elementor-text-editor elementor-clearfix\">\n\t\t\t\t<div data-extension-version=\"1.0.4\"><em>Julie et Hugues<\/em><\/div><div data-extension-version=\"1.0.4\"><em>\u00ab\u00a0Aurianne a su nous aider \u00e0 trouver les textes et les rituels pour que notre c\u00e9r\u00e9monie nous ressemble. Son imagination d\u00e9bordante nous a valu quelques fous rires pendant les pr\u00e9parations. Si c&rsquo;\u00e9tait \u00e0 refaire, nous ne changerions rien!\u00a0\u00bb<\/em><em><br \/><\/em><\/div><div data-extension-version=\"1.0.4\"><em>\u00a0<\/em><\/div><div data-extension-version=\"1.0.4\"><em><em>Cl\u00e9mence &amp; Damien<\/em><br \/>\u00ab\u00a0Un tr\u00e8s beau moment que nous souhaitons sinc\u00e8rement \u00e0 toutes les personnes qui d\u00e9sirent se marier autrement que dans un univers religieux. Aurianne a \u00e9t\u00e9 une petite perle pour l&rsquo;\u00e9laboration de cette c\u00e9r\u00e9monie.\u00a0\u00bb<\/em><\/div><div data-extension-version=\"1.0.4\"><em>\u00a0<\/em><\/div><div data-extension-version=\"1.0.4\"><em>Audrey et Gr\u00e9goire<\/em><\/div><div data-extension-version=\"1.0.4\"><em>\u00ab\u00a0Un moment et une rencontre qui resteront \u00e0 jamais grav\u00e9s dans nos m\u00e9moires et dans nos coeurs.\u00a0\u00bb<br \/><\/em><\/div>\t\t\t\t\t<\/div>\n\t\t\t\t\t\t<\/div>\n\t\t\t\t<\/div>\n\t\t\t\t\t\t<\/div>\n\t\t\t\t\t<\/div>\n\t\t<\/div>\n\t\t\t\t\t\t\t\t<\/div>\n\t\t\t\t\t<\/div>\n\t\t<\/section>\n\t\t\t\t\t\t\t\t\t<\/div>\n\t\t\t<\/div>\n\t\t\t\t\t<\/div>\n\t\t","protected":false},"excerpt":{"rendered":"<p>Si vous \u00eates arriv\u00e9s ici, c&rsquo;est que vous \u00eates certainement \u00e0 la recherche d&rsquo;informations ou de conseils sur les c\u00e9r\u00e9monies la\u00efques. A travers ce site, j&rsquo;esp\u00e8re pouvoir vous \u00e9clairer sur la pr\u00e9paration de ce moment unique. N&rsquo;h\u00e9sitez pas \u00e0 me contacter pour discuter de votre c\u00e9r\u00e9monie ! Qui suis-je? Je m&rsquo;appelle Aurianne et je suis officiante de c\u00e9r\u00e9monie la\u00efque bilingue fran\u00e7ais\/n\u00e9erlandais. En tant qu&rsquo;officiante depuis maintenant plusieurs ann\u00e9es, je vous propose de vous accompagner dans les grandes \u00e9tapes de votre vie: mariage, bapt\u00eame, renouvellement de voeux, etc. J&rsquo;ai commenc\u00e9 cette belle aventure en ayant eu l\u2019immense honneur d\u2019\u00eatre l\u2019officiante du mariage d&rsquo;une personne tr\u00e8s proche. Cette premi\u00e8re approche a \u00e9t\u00e9 pour moi une vraie r\u00e9v\u00e9lation. Apr\u00e8s plusieurs ann\u00e9es \u00e0 chercher mon chemin en tant qu\u2019employ\u00e9e dans de grandes agences de communication, j\u2019avais l\u2019impression d\u2019avoir enfin trouv\u00e9 ma voie.D\u00e9j\u00e0 petite j\u2019aimais monter sur les planches et prendre la parole. Apr\u00e8s des ann\u00e9es de formation th\u00e9\u00e2trale et des \u00e9tudes de communication. J\u2019ai fait mes armes dans de grandes entreprises, des agences de pubs et de communication. Les brainstormings et autres id\u00e9es farfelues ont d\u00e8s lors fait partie de mon quotidien. Aujourd\u2019hui c\u2019est bien plus qu\u2019un m\u00e9tier que j\u2019exerce. C\u2019est avant tout une passion, mais \u00e9galement une joie de pouvoir mettre mes comp\u00e9tences au profit de moments si particuliers et si importants. Une c\u00e9r\u00e9monie la\u00efque qu&rsquo;est-ce-que c&rsquo;est? Une c\u00e9l\u00e9bration la\u00efque c&rsquo;est un engagement dans votre couple, pour votre enfant,&#8230; C&rsquo;est un moment hautement symbolique et charg\u00e9 en \u00e9motions. La c\u00e9r\u00e9monie est toujours cr\u00e9\u00e9e en fonction de vos envies et de vos souhaits. La c\u00e9l\u00e9bration la\u00efque c&rsquo;est tout ce que VOUS d\u00e9sirez, elle n&rsquo;a du sens que si cette d\u00e9marche vous tient \u00e0 coeur. Il n&rsquo;y a aucune obligation, aucune contrainte, aucun canevas, on lui donne le sens que vous voulez lui donner. T\u00e9moignages Julie et Hugues\u00ab\u00a0Aurianne a su nous aider \u00e0 trouver les textes et les rituels pour que notre c\u00e9r\u00e9monie nous ressemble. Son imagination d\u00e9bordante nous a valu quelques fous rires pendant les pr\u00e9parations. Si c&rsquo;\u00e9tait \u00e0 refaire, nous ne changerions rien!\u00a0\u00bb \u00a0Cl\u00e9mence &amp; Damien \u00ab\u00a0Un tr\u00e8s beau moment que nous souhaitons sinc\u00e8rement \u00e0 toutes les personnes qui d\u00e9sirent se marier autrement que dans un univers religieux. Aurianne a \u00e9t\u00e9 une petite perle pour l&rsquo;\u00e9laboration de cette c\u00e9r\u00e9monie.\u00a0\u00bb\u00a0Audrey et Gr\u00e9goire\u00ab\u00a0Un moment et une rencontre qui resteront \u00e0 jamais grav\u00e9s dans nos m\u00e9moires et dans nos coeurs.\u00a0\u00bb<\/p>\n","protected":false},"author":3,"featured_media":0,"parent":0,"menu_order":0,"comment_status":"closed","ping_status":"open","template":"","meta":{"_mi_skip_tracking":false},"yoast_head":"<!-- This site is optimized with the Yoast SEO plugin v20.4 - https:\/\/yoast.com\/wordpress\/plugins\/seo\/ -->\n<title>Mariage la\u00efque - Officiante de c\u00e9r\u00e9monie d&#039;engagement<\/title>\n<meta name=\"description\" content=\"Officiante de c\u00e9r\u00e9monie la\u00efque bilingue - Cr\u00e9ation et c\u00e9l\u00e9bration de mariage la\u00efque. C\u00e9r\u00e9monie d&#039;engagement unique et personnalis\u00e9e. Bapt\u00eame la\u00efque, renouvellement de voeux - Partout en Belgique\" \/>\n<meta name=\"robots\" content=\"index, follow, max-snippet:-1, max-image-preview:large, max-video-preview:-1\" \/>\n<link rel=\"canonical\" href=\"https:\/\/vosbellesceremonies.be\/\" \/>\n<meta property=\"og:locale\" content=\"fr_FR\" \/>\n<meta property=\"og:type\" content=\"article\" \/>\n<meta property=\"og:title\" content=\"Mariage la\u00efque - Officiante de c\u00e9r\u00e9monie d&#039;engagement\" \/>\n<meta property=\"og:description\" content=\"Officiante de c\u00e9r\u00e9monie la\u00efque bilingue - Cr\u00e9ation et c\u00e9l\u00e9bration de mariage la\u00efque. C\u00e9r\u00e9monie d&#039;engagement unique et personnalis\u00e9e. Bapt\u00eame la\u00efque, renouvellement de voeux - Partout en Belgique\" \/>\n<meta property=\"og:url\" content=\"https:\/\/vosbellesceremonies.be\/\" \/>\n<meta property=\"og:site_name\" content=\"Vos belles c\u00e9r\u00e9monies\" \/>\n<meta property=\"article:modified_time\" content=\"2021-09-21T16:48:59+00:00\" \/>\n<meta property=\"og:image\" content=\"http:\/\/vosbellesceremonies.be\/wp-content\/uploads\/2019\/11\/AUDREY_GILLES-177ret2-824x1024.jpg\" \/>\n<meta name=\"twitter:card\" content=\"summary_large_image\" \/>\n<meta name=\"twitter:label1\" content=\"Dur\u00e9e de lecture estim\u00e9e\" \/>\n\t<meta name=\"twitter:data1\" content=\"2 minutes\" \/>\n<script type=\"application\/ld+json\" class=\"yoast-schema-graph\">{\"@context\":\"https:\/\/schema.org\",\"@graph\":[{\"@type\":\"WebPage\",\"@id\":\"https:\/\/vosbellesceremonies.be\/\",\"url\":\"https:\/\/vosbellesceremonies.be\/\",\"name\":\"Mariage la\u00efque - Officiante de c\u00e9r\u00e9monie d'engagement\",\"isPartOf\":{\"@id\":\"https:\/\/vosbellesceremonies.be\/#website\"},\"datePublished\":\"2018-02-20T00:41:16+00:00\",\"dateModified\":\"2021-09-21T16:48:59+00:00\",\"description\":\"Officiante de c\u00e9r\u00e9monie la\u00efque bilingue - Cr\u00e9ation et c\u00e9l\u00e9bration de mariage la\u00efque. C\u00e9r\u00e9monie d'engagement unique et personnalis\u00e9e. Bapt\u00eame la\u00efque, renouvellement de voeux - Partout en Belgique\",\"breadcrumb\":{\"@id\":\"https:\/\/vosbellesceremonies.be\/#breadcrumb\"},\"inLanguage\":\"fr-FR\",\"potentialAction\":[{\"@type\":\"ReadAction\",\"target\":[\"https:\/\/vosbellesceremonies.be\/\"]}]},{\"@type\":\"BreadcrumbList\",\"@id\":\"https:\/\/vosbellesceremonies.be\/#breadcrumb\",\"itemListElement\":[{\"@type\":\"ListItem\",\"position\":1,\"name\":\"Accueil\",\"item\":\"https:\/\/vosbellesceremonies.be\/\"},{\"@type\":\"ListItem\",\"position\":2,\"name\":\"Bienvenue\"}]},{\"@type\":\"WebSite\",\"@id\":\"https:\/\/vosbellesceremonies.be\/#website\",\"url\":\"https:\/\/vosbellesceremonies.be\/\",\"name\":\"Vos belles c\u00e9r\u00e9monies\",\"description\":\"\",\"publisher\":{\"@id\":\"https:\/\/vosbellesceremonies.be\/#organization\"},\"potentialAction\":[{\"@type\":\"SearchAction\",\"target\":{\"@type\":\"EntryPoint\",\"urlTemplate\":\"https:\/\/vosbellesceremonies.be\/?s={search_term_string}\"},\"query-input\":\"required name=search_term_string\"}],\"inLanguage\":\"fr-FR\"},{\"@type\":\"Organization\",\"@id\":\"https:\/\/vosbellesceremonies.be\/#organization\",\"name\":\"Vos belles c\u00e9r\u00e9monies\",\"url\":\"https:\/\/vosbellesceremonies.be\/\",\"logo\":{\"@type\":\"ImageObject\",\"inLanguage\":\"fr-FR\",\"@id\":\"https:\/\/vosbellesceremonies.be\/#\/schema\/logo\/image\/\",\"url\":\"https:\/\/vosbellesceremonies.be\/wp-content\/uploads\/2019\/11\/cropped-logo-10.png\",\"contentUrl\":\"https:\/\/vosbellesceremonies.be\/wp-content\/uploads\/2019\/11\/cropped-logo-10.png\",\"width\":5407,\"height\":4621,\"caption\":\"Vos belles c\u00e9r\u00e9monies\"},\"image\":{\"@id\":\"https:\/\/vosbellesceremonies.be\/#\/schema\/logo\/image\/\"}}]}<\/script>\n<!-- \/ Yoast SEO plugin. -->","yoast_head_json":{"title":"Mariage la\u00efque - Officiante de c\u00e9r\u00e9monie d'engagement","description":"Officiante de c\u00e9r\u00e9monie la\u00efque bilingue - Cr\u00e9ation et c\u00e9l\u00e9bration de mariage la\u00efque. C\u00e9r\u00e9monie d'engagement unique et personnalis\u00e9e. Bapt\u00eame la\u00efque, renouvellement de voeux - Partout en Belgique","robots":{"index":"index","follow":"follow","max-snippet":"max-snippet:-1","max-image-preview":"max-image-preview:large","max-video-preview":"max-video-preview:-1"},"canonical":"https:\/\/vosbellesceremonies.be\/","og_locale":"fr_FR","og_type":"article","og_title":"Mariage la\u00efque - Officiante de c\u00e9r\u00e9monie d'engagement","og_description":"Officiante de c\u00e9r\u00e9monie la\u00efque bilingue - Cr\u00e9ation et c\u00e9l\u00e9bration de mariage la\u00efque. C\u00e9r\u00e9monie d'engagement unique et personnalis\u00e9e. Bapt\u00eame la\u00efque, renouvellement de voeux - Partout en Belgique","og_url":"https:\/\/vosbellesceremonies.be\/","og_site_name":"Vos belles c\u00e9r\u00e9monies","article_modified_time":"2021-09-21T16:48:59+00:00","og_image":[{"url":"http:\/\/vosbellesceremonies.be\/wp-content\/uploads\/2019\/11\/AUDREY_GILLES-177ret2-824x1024.jpg"}],"twitter_card":"summary_large_image","twitter_misc":{"Dur\u00e9e de lecture estim\u00e9e":"2 minutes"},"schema":{"@context":"https:\/\/schema.org","@graph":[{"@type":"WebPage","@id":"https:\/\/vosbellesceremonies.be\/","url":"https:\/\/vosbellesceremonies.be\/","name":"Mariage la\u00efque - Officiante de c\u00e9r\u00e9monie d'engagement","isPartOf":{"@id":"https:\/\/vosbellesceremonies.be\/#website"},"datePublished":"2018-02-20T00:41:16+00:00","dateModified":"2021-09-21T16:48:59+00:00","description":"Officiante de c\u00e9r\u00e9monie la\u00efque bilingue - Cr\u00e9ation et c\u00e9l\u00e9bration de mariage la\u00efque. C\u00e9r\u00e9monie d'engagement unique et personnalis\u00e9e. Bapt\u00eame la\u00efque, renouvellement de voeux - Partout en Belgique","breadcrumb":{"@id":"https:\/\/vosbellesceremonies.be\/#breadcrumb"},"inLanguage":"fr-FR","potentialAction":[{"@type":"ReadAction","target":["https:\/\/vosbellesceremonies.be\/"]}]},{"@type":"BreadcrumbList","@id":"https:\/\/vosbellesceremonies.be\/#breadcrumb","itemListElement":[{"@type":"ListItem","position":1,"name":"Accueil","item":"https:\/\/vosbellesceremonies.be\/"},{"@type":"ListItem","position":2,"name":"Bienvenue"}]},{"@type":"WebSite","@id":"https:\/\/vosbellesceremonies.be\/#website","url":"https:\/\/vosbellesceremonies.be\/","name":"Vos belles c\u00e9r\u00e9monies","description":"","publisher":{"@id":"https:\/\/vosbellesceremonies.be\/#organization"},"potentialAction":[{"@type":"SearchAction","target":{"@type":"EntryPoint","urlTemplate":"https:\/\/vosbellesceremonies.be\/?s={search_term_string}"},"query-input":"required name=search_term_string"}],"inLanguage":"fr-FR"},{"@type":"Organization","@id":"https:\/\/vosbellesceremonies.be\/#organization","name":"Vos belles c\u00e9r\u00e9monies","url":"https:\/\/vosbellesceremonies.be\/","logo":{"@type":"ImageObject","inLanguage":"fr-FR","@id":"https:\/\/vosbellesceremonies.be\/#\/schema\/logo\/image\/","url":"https:\/\/vosbellesceremonies.be\/wp-content\/uploads\/2019\/11\/cropped-logo-10.png","contentUrl":"https:\/\/vosbellesceremonies.be\/wp-content\/uploads\/2019\/11\/cropped-logo-10.png","width":5407,"height":4621,"caption":"Vos belles c\u00e9r\u00e9monies"},"image":{"@id":"https:\/\/vosbellesceremonies.be\/#\/schema\/logo\/image\/"}}]}},"_links":{"self":[{"href":"https:\/\/vosbellesceremonies.be\/index.php\/wp-json\/wp\/v2\/pages\/151"}],"collection":[{"href":"https:\/\/vosbellesceremonies.be\/index.php\/wp-json\/wp\/v2\/pages"}],"about":[{"href":"https:\/\/vosbellesceremonies.be\/index.php\/wp-json\/wp\/v2\/types\/page"}],"author":[{"embeddable":true,"href":"https:\/\/vosbellesceremonies.be\/index.php\/wp-json\/wp\/v2\/users\/3"}],"replies":[{"embeddable":true,"href":"https:\/\/vosbellesceremonies.be\/index.php\/wp-json\/wp\/v2\/comments?post=151"}],"version-history":[{"count":10,"href":"https:\/\/vosbellesceremonies.be\/index.php\/wp-json\/wp\/v2\/pages\/151\/revisions"}],"predecessor-version":[{"id":339,"href":"https:\/\/vosbellesceremonies.be\/index.php\/wp-json\/wp\/v2\/pages\/151\/revisions\/339"}],"wp:attachment":[{"href":"https:\/\/vosbellesceremonies.be\/index.php\/wp-json\/wp\/v2\/media?parent=151"}],"curies":[{"name":"wp","href":"https:\/\/api.w.org\/{rel}","templated":true}]}}