{"id":76,"date":"2018-02-26T20:14:09","date_gmt":"2018-02-26T19:14:09","guid":{"rendered":"http:\/\/evg-evjf.be\/mariagelaique\/?page_id=76"},"modified":"2021-09-21T18:50:53","modified_gmt":"2021-09-21T16:50:53","slug":"contact","status":"publish","type":"page","link":"https:\/\/vosbellesceremonies.be\/index.php\/contact\/","title":{"rendered":"Contact"},"content":{"rendered":"<p style=\"text-align: center;\">Vous pouvez me contacter directement par t\u00e9l\u00e9phone au 0472 34 50 79 ou en compl\u00e9tant le formulaire ci-dessous.<\/p>\n<p style=\"text-align: center;\">Je vous r\u00e9pondrai dans les plus brefs d\u00e9lais.<\/p>\n<p style=\"text-align: center;\">Merci.<\/p>\n\n<div class=\"wpcf7 no-js\" id=\"wpcf7-f302-o1\" lang=\"fr-FR\" dir=\"ltr\">\n<div class=\"screen-reader-response\"><p role=\"status\" aria-live=\"polite\" aria-atomic=\"true\"><\/p> <ul><\/ul><\/div>\n<form action=\"\/index.php\/wp-json\/wp\/v2\/pages\/76#wpcf7-f302-o1\" method=\"post\" class=\"wpcf7-form init\" aria-label=\"Formulaire de contact\" novalidate=\"novalidate\" data-status=\"init\">\n<div style=\"display: none;\">\n<input type=\"hidden\" name=\"_wpcf7\" value=\"302\" \/>\n<input type=\"hidden\" name=\"_wpcf7_version\" value=\"5.7.5.1\" \/>\n<input type=\"hidden\" name=\"_wpcf7_locale\" value=\"fr_FR\" \/>\n<input type=\"hidden\" name=\"_wpcf7_unit_tag\" value=\"wpcf7-f302-o1\" \/>\n<input type=\"hidden\" name=\"_wpcf7_container_post\" value=\"0\" \/>\n<input type=\"hidden\" name=\"_wpcf7_posted_data_hash\" value=\"\" \/>\n<input type=\"hidden\" name=\"_wpcf7_recaptcha_response\" value=\"\" \/>\n<\/div>\n<p><label> Votre nom (obligatoire)<br \/>\n<span class=\"wpcf7-form-control-wrap\" data-name=\"your-name\"><input size=\"40\" class=\"wpcf7-form-control wpcf7-text wpcf7-validates-as-required\" aria-required=\"true\" aria-invalid=\"false\" value=\"\" type=\"text\" name=\"your-name\" \/><\/span> <\/label>\n<\/p>\n<p><label> Votre num\u00e9ro de t\u00e9l\u00e9phone (obligatoire)<br \/>\n<span class=\"wpcf7-form-control-wrap\" data-name=\"tel-557\"><input size=\"40\" class=\"wpcf7-form-control wpcf7-text wpcf7-tel wpcf7-validates-as-tel\" aria-invalid=\"false\" value=\"\" type=\"tel\" name=\"tel-557\" \/><\/span> <\/label>\n<\/p>\n<p><label> Votre adresse e-mail (obligatoire)<br \/>\n<span class=\"wpcf7-form-control-wrap\" data-name=\"your-email\"><input size=\"40\" class=\"wpcf7-form-control wpcf7-text wpcf7-email wpcf7-validates-as-required wpcf7-validates-as-email\" aria-required=\"true\" aria-invalid=\"false\" value=\"\" type=\"email\" name=\"your-email\" \/><\/span> <\/label>\n<\/p>\n<p><label> Date pr\u00e9vue pour la c\u00e9r\u00e9monie<br \/>\n<span class=\"wpcf7-form-control-wrap\" data-name=\"date-589\"><input class=\"wpcf7-form-control wpcf7-date wpcf7-validates-as-date\" aria-invalid=\"false\" value=\"\" type=\"date\" name=\"date-589\" \/><\/span> <\/label>\n<\/p>\n<p><label> Objet<br \/>\n<span class=\"wpcf7-form-control-wrap\" data-name=\"your-subject\"><input size=\"40\" class=\"wpcf7-form-control wpcf7-text\" aria-invalid=\"false\" value=\"\" type=\"text\" name=\"your-subject\" \/><\/span> <\/label>\n<\/p>\n<p><label> Votre message<br \/>\n<span class=\"wpcf7-form-control-wrap\" data-name=\"your-message\"><textarea cols=\"40\" rows=\"10\" class=\"wpcf7-form-control wpcf7-textarea\" aria-invalid=\"false\" name=\"your-message\"><\/textarea><\/span> <\/label>\n<\/p>\n<p><input class=\"wpcf7-form-control has-spinner wpcf7-submit\" type=\"submit\" value=\"Envoyer\" \/>\n<\/p><p style=\"display: none !important;\"><label>&#916;<textarea name=\"_wpcf7_ak_hp_textarea\" cols=\"45\" rows=\"8\" maxlength=\"100\"><\/textarea><\/label><input type=\"hidden\" id=\"ak_js_1\" name=\"_wpcf7_ak_js\" value=\"24\"\/><script>document.getElementById( \"ak_js_1\" ).setAttribute( \"value\", ( new Date() ).getTime() );<\/script><\/p><div class=\"wpcf7-response-output\" aria-hidden=\"true\"><\/div>\n<\/form>\n<\/div>\n\n<p><img decoding=\"async\" loading=\"lazy\" class=\"aligncenter size-medium wp-image-200\" src=\"http:\/\/baptemelaique.be\/wp-content\/uploads\/2019\/11\/logo-10-300x257.png\" alt=\"\" width=\"300\" height=\"257\" \/><\/p>\n<div id=\"ConnectiveDocSignExtentionInstalled\" data-extension-version=\"1.0.4\"><\/div>\n","protected":false},"excerpt":{"rendered":"<p>Vous pouvez me contacter directement par t\u00e9l\u00e9phone au 0472 34 50 79 ou en compl\u00e9tant le formulaire ci-dessous. Je vous r\u00e9pondrai dans les plus brefs d\u00e9lais. Merci.<\/p>\n","protected":false},"author":3,"featured_media":0,"parent":0,"menu_order":0,"comment_status":"closed","ping_status":"closed","template":"","meta":{"_mi_skip_tracking":false},"yoast_head":"<!-- This site is optimized with the Yoast SEO plugin v20.4 - https:\/\/yoast.com\/wordpress\/plugins\/seo\/ -->\n<title>Contacter votre officiante de mariage la\u00efque en Belgique<\/title>\n<meta name=\"description\" content=\"A la recherche d&#039;une officiante pour votre c\u00e9r\u00e9monie la\u00efque, prenez contact! Cr\u00e9ation et c\u00e9l\u00e9bration de mariage la\u00efque, c\u00e9r\u00e9monie d&#039;engagement, bapt\u00eame la\u00efque sur mesure. D\u00e9placement dans toute la Belgique.\" \/>\n<meta name=\"robots\" content=\"index, follow, max-snippet:-1, max-image-preview:large, max-video-preview:-1\" \/>\n<link rel=\"canonical\" href=\"https:\/\/vosbellesceremonies.be\/index.php\/contact\/\" \/>\n<meta property=\"og:locale\" content=\"fr_FR\" \/>\n<meta property=\"og:type\" content=\"article\" \/>\n<meta property=\"og:title\" content=\"Contacter votre officiante de mariage la\u00efque en Belgique\" \/>\n<meta property=\"og:description\" content=\"A la recherche d&#039;une officiante pour votre c\u00e9r\u00e9monie la\u00efque, prenez contact! Cr\u00e9ation et c\u00e9l\u00e9bration de mariage la\u00efque, c\u00e9r\u00e9monie d&#039;engagement, bapt\u00eame la\u00efque sur mesure. D\u00e9placement dans toute la Belgique.\" \/>\n<meta property=\"og:url\" content=\"https:\/\/vosbellesceremonies.be\/index.php\/contact\/\" \/>\n<meta property=\"og:site_name\" content=\"Vos belles c\u00e9r\u00e9monies\" \/>\n<meta property=\"article:modified_time\" content=\"2021-09-21T16:50:53+00:00\" \/>\n<meta property=\"og:image\" content=\"http:\/\/baptemelaique.be\/wp-content\/uploads\/2019\/11\/logo-10-300x257.png\" \/>\n<meta name=\"twitter:card\" content=\"summary_large_image\" \/>\n<script type=\"application\/ld+json\" class=\"yoast-schema-graph\">{\"@context\":\"https:\/\/schema.org\",\"@graph\":[{\"@type\":\"WebPage\",\"@id\":\"https:\/\/vosbellesceremonies.be\/index.php\/contact\/\",\"url\":\"https:\/\/vosbellesceremonies.be\/index.php\/contact\/\",\"name\":\"Contacter votre officiante de mariage la\u00efque en Belgique\",\"isPartOf\":{\"@id\":\"https:\/\/vosbellesceremonies.be\/#website\"},\"datePublished\":\"2018-02-26T19:14:09+00:00\",\"dateModified\":\"2021-09-21T16:50:53+00:00\",\"description\":\"A la recherche d'une officiante pour votre c\u00e9r\u00e9monie la\u00efque, prenez contact! Cr\u00e9ation et c\u00e9l\u00e9bration de mariage la\u00efque, c\u00e9r\u00e9monie d'engagement, bapt\u00eame la\u00efque sur mesure. D\u00e9placement dans toute la Belgique.\",\"breadcrumb\":{\"@id\":\"https:\/\/vosbellesceremonies.be\/index.php\/contact\/#breadcrumb\"},\"inLanguage\":\"fr-FR\",\"potentialAction\":[{\"@type\":\"ReadAction\",\"target\":[\"https:\/\/vosbellesceremonies.be\/index.php\/contact\/\"]}]},{\"@type\":\"BreadcrumbList\",\"@id\":\"https:\/\/vosbellesceremonies.be\/index.php\/contact\/#breadcrumb\",\"itemListElement\":[{\"@type\":\"ListItem\",\"position\":1,\"name\":\"Accueil\",\"item\":\"https:\/\/vosbellesceremonies.be\/\"},{\"@type\":\"ListItem\",\"position\":2,\"name\":\"Contact\"}]},{\"@type\":\"WebSite\",\"@id\":\"https:\/\/vosbellesceremonies.be\/#website\",\"url\":\"https:\/\/vosbellesceremonies.be\/\",\"name\":\"Vos belles c\u00e9r\u00e9monies\",\"description\":\"\",\"publisher\":{\"@id\":\"https:\/\/vosbellesceremonies.be\/#organization\"},\"potentialAction\":[{\"@type\":\"SearchAction\",\"target\":{\"@type\":\"EntryPoint\",\"urlTemplate\":\"https:\/\/vosbellesceremonies.be\/?s={search_term_string}\"},\"query-input\":\"required name=search_term_string\"}],\"inLanguage\":\"fr-FR\"},{\"@type\":\"Organization\",\"@id\":\"https:\/\/vosbellesceremonies.be\/#organization\",\"name\":\"Vos belles c\u00e9r\u00e9monies\",\"url\":\"https:\/\/vosbellesceremonies.be\/\",\"logo\":{\"@type\":\"ImageObject\",\"inLanguage\":\"fr-FR\",\"@id\":\"https:\/\/vosbellesceremonies.be\/#\/schema\/logo\/image\/\",\"url\":\"https:\/\/vosbellesceremonies.be\/wp-content\/uploads\/2019\/11\/cropped-logo-10.png\",\"contentUrl\":\"https:\/\/vosbellesceremonies.be\/wp-content\/uploads\/2019\/11\/cropped-logo-10.png\",\"width\":5407,\"height\":4621,\"caption\":\"Vos belles c\u00e9r\u00e9monies\"},\"image\":{\"@id\":\"https:\/\/vosbellesceremonies.be\/#\/schema\/logo\/image\/\"}}]}<\/script>\n<!-- \/ Yoast SEO plugin. -->","yoast_head_json":{"title":"Contacter votre officiante de mariage la\u00efque en Belgique","description":"A la recherche d'une officiante pour votre c\u00e9r\u00e9monie la\u00efque, prenez contact! Cr\u00e9ation et c\u00e9l\u00e9bration de mariage la\u00efque, c\u00e9r\u00e9monie d'engagement, bapt\u00eame la\u00efque sur mesure. D\u00e9placement dans toute la Belgique.","robots":{"index":"index","follow":"follow","max-snippet":"max-snippet:-1","max-image-preview":"max-image-preview:large","max-video-preview":"max-video-preview:-1"},"canonical":"https:\/\/vosbellesceremonies.be\/index.php\/contact\/","og_locale":"fr_FR","og_type":"article","og_title":"Contacter votre officiante de mariage la\u00efque en Belgique","og_description":"A la recherche d'une officiante pour votre c\u00e9r\u00e9monie la\u00efque, prenez contact! Cr\u00e9ation et c\u00e9l\u00e9bration de mariage la\u00efque, c\u00e9r\u00e9monie d'engagement, bapt\u00eame la\u00efque sur mesure. D\u00e9placement dans toute la Belgique.","og_url":"https:\/\/vosbellesceremonies.be\/index.php\/contact\/","og_site_name":"Vos belles c\u00e9r\u00e9monies","article_modified_time":"2021-09-21T16:50:53+00:00","og_image":[{"url":"http:\/\/baptemelaique.be\/wp-content\/uploads\/2019\/11\/logo-10-300x257.png"}],"twitter_card":"summary_large_image","schema":{"@context":"https:\/\/schema.org","@graph":[{"@type":"WebPage","@id":"https:\/\/vosbellesceremonies.be\/index.php\/contact\/","url":"https:\/\/vosbellesceremonies.be\/index.php\/contact\/","name":"Contacter votre officiante de mariage la\u00efque en Belgique","isPartOf":{"@id":"https:\/\/vosbellesceremonies.be\/#website"},"datePublished":"2018-02-26T19:14:09+00:00","dateModified":"2021-09-21T16:50:53+00:00","description":"A la recherche d'une officiante pour votre c\u00e9r\u00e9monie la\u00efque, prenez contact! Cr\u00e9ation et c\u00e9l\u00e9bration de mariage la\u00efque, c\u00e9r\u00e9monie d'engagement, bapt\u00eame la\u00efque sur mesure. D\u00e9placement dans toute la Belgique.","breadcrumb":{"@id":"https:\/\/vosbellesceremonies.be\/index.php\/contact\/#breadcrumb"},"inLanguage":"fr-FR","potentialAction":[{"@type":"ReadAction","target":["https:\/\/vosbellesceremonies.be\/index.php\/contact\/"]}]},{"@type":"BreadcrumbList","@id":"https:\/\/vosbellesceremonies.be\/index.php\/contact\/#breadcrumb","itemListElement":[{"@type":"ListItem","position":1,"name":"Accueil","item":"https:\/\/vosbellesceremonies.be\/"},{"@type":"ListItem","position":2,"name":"Contact"}]},{"@type":"WebSite","@id":"https:\/\/vosbellesceremonies.be\/#website","url":"https:\/\/vosbellesceremonies.be\/","name":"Vos belles c\u00e9r\u00e9monies","description":"","publisher":{"@id":"https:\/\/vosbellesceremonies.be\/#organization"},"potentialAction":[{"@type":"SearchAction","target":{"@type":"EntryPoint","urlTemplate":"https:\/\/vosbellesceremonies.be\/?s={search_term_string}"},"query-input":"required name=search_term_string"}],"inLanguage":"fr-FR"},{"@type":"Organization","@id":"https:\/\/vosbellesceremonies.be\/#organization","name":"Vos belles c\u00e9r\u00e9monies","url":"https:\/\/vosbellesceremonies.be\/","logo":{"@type":"ImageObject","inLanguage":"fr-FR","@id":"https:\/\/vosbellesceremonies.be\/#\/schema\/logo\/image\/","url":"https:\/\/vosbellesceremonies.be\/wp-content\/uploads\/2019\/11\/cropped-logo-10.png","contentUrl":"https:\/\/vosbellesceremonies.be\/wp-content\/uploads\/2019\/11\/cropped-logo-10.png","width":5407,"height":4621,"caption":"Vos belles c\u00e9r\u00e9monies"},"image":{"@id":"https:\/\/vosbellesceremonies.be\/#\/schema\/logo\/image\/"}}]}},"_links":{"self":[{"href":"https:\/\/vosbellesceremonies.be\/index.php\/wp-json\/wp\/v2\/pages\/76"}],"collection":[{"href":"https:\/\/vosbellesceremonies.be\/index.php\/wp-json\/wp\/v2\/pages"}],"about":[{"href":"https:\/\/vosbellesceremonies.be\/index.php\/wp-json\/wp\/v2\/types\/page"}],"author":[{"embeddable":true,"href":"https:\/\/vosbellesceremonies.be\/index.php\/wp-json\/wp\/v2\/users\/3"}],"replies":[{"embeddable":true,"href":"https:\/\/vosbellesceremonies.be\/index.php\/wp-json\/wp\/v2\/comments?post=76"}],"version-history":[{"count":1,"href":"https:\/\/vosbellesceremonies.be\/index.php\/wp-json\/wp\/v2\/pages\/76\/revisions"}],"predecessor-version":[{"id":303,"href":"https:\/\/vosbellesceremonies.be\/index.php\/wp-json\/wp\/v2\/pages\/76\/revisions\/303"}],"wp:attachment":[{"href":"https:\/\/vosbellesceremonies.be\/index.php\/wp-json\/wp\/v2\/media?parent=76"}],"curies":[{"name":"wp","href":"https:\/\/api.w.org\/{rel}","templated":true}]}}